{"id":119,"date":"2022-03-14T05:13:52","date_gmt":"2022-03-14T05:13:52","guid":{"rendered":"https:\/\/cgpabogados.co\/site\/index.php\/about\/"},"modified":"2024-08-16T16:39:37","modified_gmt":"2024-08-16T21:39:37","slug":"about","status":"publish","type":"page","link":"https:\/\/cgpabogados.co\/index.php\/about\/","title":{"rendered":"About"},"content":{"rendered":"\t\t<div data-elementor-type=\"wp-page\" data-elementor-id=\"119\" class=\"elementor elementor-119\">\n\t\t\t\t\t\t<section class=\"elementor-section elementor-top-section elementor-element elementor-element-7a73d50 elementor-section-boxed elementor-section-height-default elementor-section-height-default\" data-id=\"7a73d50\" data-element_type=\"section\" data-settings=\"{&quot;background_background&quot;:&quot;classic&quot;}\">\n\t\t\t\t\t\t\t<div class=\"elementor-background-overlay\"><\/div>\n\t\t\t\t\t\t\t<div class=\"elementor-container elementor-column-gap-default\">\n\t\t\t\t\t<div class=\"elementor-column elementor-col-100 elementor-top-column elementor-element elementor-element-a616d73\" data-id=\"a616d73\" data-element_type=\"column\">\n\t\t\t<div class=\"elementor-widget-wrap elementor-element-populated\">\n\t\t\t\t\t\t<div class=\"elementor-element elementor-element-9240651 elementor-widget elementor-widget-heading\" data-id=\"9240651\" data-element_type=\"widget\" data-widget_type=\"heading.default\">\n\t\t\t\t<div class=\"elementor-widget-container\">\n\t\t\t<style>\/*! elementor - v3.23.0 - 25-07-2024 *\/\n.elementor-heading-title{padding:0;margin:0;line-height:1}.elementor-widget-heading .elementor-heading-title[class*=elementor-size-]>a{color:inherit;font-size:inherit;line-height:inherit}.elementor-widget-heading .elementor-heading-title.elementor-size-small{font-size:15px}.elementor-widget-heading .elementor-heading-title.elementor-size-medium{font-size:19px}.elementor-widget-heading .elementor-heading-title.elementor-size-large{font-size:29px}.elementor-widget-heading .elementor-heading-title.elementor-size-xl{font-size:39px}.elementor-widget-heading .elementor-heading-title.elementor-size-xxl{font-size:59px}<\/style><h1 class=\"elementor-heading-title elementor-size-default\">Equipo<\/h1>\t\t<\/div>\n\t\t\t\t<\/div>\n\t\t\t\t\t<\/div>\n\t\t<\/div>\n\t\t\t\t\t<\/div>\n\t\t<\/section>\n\t\t<div class=\"elementor-element elementor-element-7cf727a e-flex e-con-boxed e-con e-parent\" data-id=\"7cf727a\" data-element_type=\"container\">\n\t\t\t\t\t<div class=\"e-con-inner\">\n\t\t<div class=\"elementor-element elementor-element-8a446a3 e-con-full e-flex e-con e-child\" data-id=\"8a446a3\" data-element_type=\"container\">\n\t\t\t\t<div class=\"elementor-element elementor-element-0982a42 elementor-widget elementor-widget-image\" data-id=\"0982a42\" data-element_type=\"widget\" data-widget_type=\"image.default\">\n\t\t\t\t<div class=\"elementor-widget-container\">\n\t\t\t<style>\/*! elementor - v3.23.0 - 25-07-2024 *\/\n.elementor-widget-image{text-align:center}.elementor-widget-image a{display:inline-block}.elementor-widget-image a img[src$=\".svg\"]{width:48px}.elementor-widget-image img{vertical-align:middle;display:inline-block}<\/style>\t\t\t\t\t\t\t\t\t\t<img fetchpriority=\"high\" decoding=\"async\" width=\"412\" height=\"587\" src=\"https:\/\/cgpabogados.co\/wp-content\/uploads\/2024\/08\/FOTO-jimmy.jpg\" class=\"attachment-large size-large wp-image-1321\" alt=\"\" srcset=\"https:\/\/cgpabogados.co\/wp-content\/uploads\/2024\/08\/FOTO-jimmy.jpg 412w, https:\/\/cgpabogados.co\/wp-content\/uploads\/2024\/08\/FOTO-jimmy-211x300.jpg 211w\" sizes=\"(max-width: 412px) 100vw, 412px\" \/>\t\t\t\t\t\t\t\t\t\t\t\t\t<\/div>\n\t\t\t\t<\/div>\n\t\t\t\t<\/div>\n\t\t<div class=\"elementor-element elementor-element-23e8a6c e-con-full e-flex e-con e-child\" data-id=\"23e8a6c\" data-element_type=\"container\">\n\t\t\t\t<div class=\"elementor-element elementor-element-2a498a0 elementor-widget elementor-widget-heading\" data-id=\"2a498a0\" data-element_type=\"widget\" data-widget_type=\"heading.default\">\n\t\t\t\t<div class=\"elementor-widget-container\">\n\t\t\t<h2 class=\"elementor-heading-title elementor-size-default\">Jimmy Alexander Garc\u00eda Urdaneta<\/h2>\t\t<\/div>\n\t\t\t\t<\/div>\n\t\t\t\t<div class=\"elementor-element elementor-element-35128a7 elementor-widget elementor-widget-text-editor\" data-id=\"35128a7\" data-element_type=\"widget\" data-widget_type=\"text-editor.default\">\n\t\t\t\t<div class=\"elementor-widget-container\">\n\t\t\t<style>\/*! elementor - v3.23.0 - 25-07-2024 *\/\n.elementor-widget-text-editor.elementor-drop-cap-view-stacked .elementor-drop-cap{background-color:#69727d;color:#fff}.elementor-widget-text-editor.elementor-drop-cap-view-framed .elementor-drop-cap{color:#69727d;border:3px solid;background-color:transparent}.elementor-widget-text-editor:not(.elementor-drop-cap-view-default) .elementor-drop-cap{margin-top:8px}.elementor-widget-text-editor:not(.elementor-drop-cap-view-default) .elementor-drop-cap-letter{width:1em;height:1em}.elementor-widget-text-editor .elementor-drop-cap{float:left;text-align:center;line-height:1;font-size:50px}.elementor-widget-text-editor .elementor-drop-cap-letter{display:inline-block}<\/style>\t\t\t\t<p>Abogado especialista en Derecho Administrativo, con \u00e9nfasis en contrataci\u00f3n estatal. Trabaj\u00f3 en la Procuradur\u00eda General de la Naci\u00f3n como profesional de la Secretar\u00eda General y en la Agencia Nacional de Infraestructura (ANI) como abogado experto en Defensa Judicial de la Entidad ante la jurisdicci\u00f3n contenciosa administrativa, tribunales arbitrales y amigable composici\u00f3n; a partir de 2021 y hasta julio de 2023, ejerci\u00f3 el cargo de Gerente de Defensa Judicial de la misma Entidad.<\/p><p>Ha participado como conferencista y docente en congresos y cursos organizados, entre otros, por la C\u00e1mara de Comercio de Bogot\u00e1, Red Juvenil de Arbitraje de la C\u00e1mara de Comercio de Bogot\u00e1, C\u00e1mara de Comercio de Cartagena, Universidad de los Andes, Agencia Nacional de Defensa Jur\u00eddica del Estado \u2013 ANDJE, C\u00e1mara de Comercio Internacional, C\u00e1mara Colombiana de la Infraestructura, Colombia Arbitration Week, Club Espa\u00f1ol e iberoamericano del Arbitraje y Alcaldia Mayor de Bogot\u00e1 en temas de arbitraje y Amigable Composici\u00f3n.<\/p><p>Amigable componedor inscrito en la C\u00e1mara de Comercio de Cartagena y Sociedad Colombiana de Ingenieros.<\/p>\t\t\t\t\t\t<\/div>\n\t\t\t\t<\/div>\n\t\t\t\t<\/div>\n\t\t\t\t\t<\/div>\n\t\t\t\t<\/div>\n\t\t<div class=\"elementor-element elementor-element-1e746bf e-flex e-con-boxed e-con e-parent\" data-id=\"1e746bf\" data-element_type=\"container\">\n\t\t\t\t\t<div class=\"e-con-inner\">\n\t\t\t\t<div class=\"elementor-element elementor-element-7d71d13 elementor-widget-divider--view-line elementor-widget elementor-widget-divider\" data-id=\"7d71d13\" data-element_type=\"widget\" data-widget_type=\"divider.default\">\n\t\t\t\t<div class=\"elementor-widget-container\">\n\t\t\t<style>\/*! elementor - v3.23.0 - 25-07-2024 *\/\n.elementor-widget-divider{--divider-border-style:none;--divider-border-width:1px;--divider-color:#0c0d0e;--divider-icon-size:20px;--divider-element-spacing:10px;--divider-pattern-height:24px;--divider-pattern-size:20px;--divider-pattern-url:none;--divider-pattern-repeat:repeat-x}.elementor-widget-divider .elementor-divider{display:flex}.elementor-widget-divider .elementor-divider__text{font-size:15px;line-height:1;max-width:95%}.elementor-widget-divider .elementor-divider__element{margin:0 var(--divider-element-spacing);flex-shrink:0}.elementor-widget-divider .elementor-icon{font-size:var(--divider-icon-size)}.elementor-widget-divider .elementor-divider-separator{display:flex;margin:0;direction:ltr}.elementor-widget-divider--view-line_icon .elementor-divider-separator,.elementor-widget-divider--view-line_text .elementor-divider-separator{align-items:center}.elementor-widget-divider--view-line_icon .elementor-divider-separator:after,.elementor-widget-divider--view-line_icon .elementor-divider-separator:before,.elementor-widget-divider--view-line_text .elementor-divider-separator:after,.elementor-widget-divider--view-line_text .elementor-divider-separator:before{display:block;content:\"\";border-block-end:0;flex-grow:1;border-block-start:var(--divider-border-width) var(--divider-border-style) var(--divider-color)}.elementor-widget-divider--element-align-left .elementor-divider .elementor-divider-separator>.elementor-divider__svg:first-of-type{flex-grow:0;flex-shrink:100}.elementor-widget-divider--element-align-left .elementor-divider-separator:before{content:none}.elementor-widget-divider--element-align-left .elementor-divider__element{margin-left:0}.elementor-widget-divider--element-align-right .elementor-divider .elementor-divider-separator>.elementor-divider__svg:last-of-type{flex-grow:0;flex-shrink:100}.elementor-widget-divider--element-align-right .elementor-divider-separator:after{content:none}.elementor-widget-divider--element-align-right .elementor-divider__element{margin-right:0}.elementor-widget-divider--element-align-start .elementor-divider .elementor-divider-separator>.elementor-divider__svg:first-of-type{flex-grow:0;flex-shrink:100}.elementor-widget-divider--element-align-start .elementor-divider-separator:before{content:none}.elementor-widget-divider--element-align-start .elementor-divider__element{margin-inline-start:0}.elementor-widget-divider--element-align-end .elementor-divider .elementor-divider-separator>.elementor-divider__svg:last-of-type{flex-grow:0;flex-shrink:100}.elementor-widget-divider--element-align-end .elementor-divider-separator:after{content:none}.elementor-widget-divider--element-align-end .elementor-divider__element{margin-inline-end:0}.elementor-widget-divider:not(.elementor-widget-divider--view-line_text):not(.elementor-widget-divider--view-line_icon) .elementor-divider-separator{border-block-start:var(--divider-border-width) var(--divider-border-style) var(--divider-color)}.elementor-widget-divider--separator-type-pattern{--divider-border-style:none}.elementor-widget-divider--separator-type-pattern.elementor-widget-divider--view-line .elementor-divider-separator,.elementor-widget-divider--separator-type-pattern:not(.elementor-widget-divider--view-line) .elementor-divider-separator:after,.elementor-widget-divider--separator-type-pattern:not(.elementor-widget-divider--view-line) .elementor-divider-separator:before,.elementor-widget-divider--separator-type-pattern:not([class*=elementor-widget-divider--view]) .elementor-divider-separator{width:100%;min-height:var(--divider-pattern-height);-webkit-mask-size:var(--divider-pattern-size) 100%;mask-size:var(--divider-pattern-size) 100%;-webkit-mask-repeat:var(--divider-pattern-repeat);mask-repeat:var(--divider-pattern-repeat);background-color:var(--divider-color);-webkit-mask-image:var(--divider-pattern-url);mask-image:var(--divider-pattern-url)}.elementor-widget-divider--no-spacing{--divider-pattern-size:auto}.elementor-widget-divider--bg-round{--divider-pattern-repeat:round}.rtl .elementor-widget-divider .elementor-divider__text{direction:rtl}.e-con-inner>.elementor-widget-divider,.e-con>.elementor-widget-divider{width:var(--container-widget-width,100%);--flex-grow:var(--container-widget-flex-grow)}<\/style>\t\t<div class=\"elementor-divider\">\n\t\t\t<span class=\"elementor-divider-separator\">\n\t\t\t\t\t\t<\/span>\n\t\t<\/div>\n\t\t\t\t<\/div>\n\t\t\t\t<\/div>\n\t\t\t\t\t<\/div>\n\t\t\t\t<\/div>\n\t\t<div class=\"elementor-element elementor-element-204e38a e-flex e-con-boxed e-con e-parent\" data-id=\"204e38a\" data-element_type=\"container\">\n\t\t\t\t\t<div class=\"e-con-inner\">\n\t\t<div class=\"elementor-element elementor-element-416509d e-con-full e-flex e-con e-child\" data-id=\"416509d\" data-element_type=\"container\">\n\t\t\t\t<div class=\"elementor-element elementor-element-46046df elementor-widget elementor-widget-image\" data-id=\"46046df\" data-element_type=\"widget\" data-widget_type=\"image.default\">\n\t\t\t\t<div class=\"elementor-widget-container\">\n\t\t\t\t\t\t\t\t\t\t\t\t\t<img decoding=\"async\" width=\"412\" height=\"587\" src=\"https:\/\/cgpabogados.co\/wp-content\/uploads\/2024\/02\/liliana-v3.jpg\" class=\"attachment-large size-large wp-image-1171\" alt=\"\" srcset=\"https:\/\/cgpabogados.co\/wp-content\/uploads\/2024\/02\/liliana-v3.jpg 412w, https:\/\/cgpabogados.co\/wp-content\/uploads\/2024\/02\/liliana-v3-211x300.jpg 211w\" sizes=\"(max-width: 412px) 100vw, 412px\" \/>\t\t\t\t\t\t\t\t\t\t\t\t\t<\/div>\n\t\t\t\t<\/div>\n\t\t\t\t<\/div>\n\t\t<div class=\"elementor-element elementor-element-1691590 e-con-full e-flex e-con e-child\" data-id=\"1691590\" data-element_type=\"container\">\n\t\t\t\t<div class=\"elementor-element elementor-element-d280e3f elementor-widget elementor-widget-heading\" data-id=\"d280e3f\" data-element_type=\"widget\" data-widget_type=\"heading.default\">\n\t\t\t\t<div class=\"elementor-widget-container\">\n\t\t\t<h2 class=\"elementor-heading-title elementor-size-default\">Liliana Marcela Poveda Buend\u00eda<\/h2>\t\t<\/div>\n\t\t\t\t<\/div>\n\t\t\t\t<div class=\"elementor-element elementor-element-4d82071 elementor-widget elementor-widget-text-editor\" data-id=\"4d82071\" data-element_type=\"widget\" data-widget_type=\"text-editor.default\">\n\t\t\t\t<div class=\"elementor-widget-container\">\n\t\t\t\t\t\t\t<p>Abogada especialista en Derecho Administrativo, con \u00e9nfasis en contrataci\u00f3n estatal. Su ejercicio profesional se ha enmarcado en el litigio en defensa de los intereses de entidades p\u00fablicas como la Secretar\u00eda Distrital de Ambiente de Bogot\u00e1, la Agencia Nacional de Infraestructura y el Ministerio de Tecnolog\u00edas de la Informaci\u00f3n y las Comunicaciones; en las cuales, adicionalmente fue l\u00edder en la adopci\u00f3n de metodolog\u00edas de gesti\u00f3n jur\u00eddica para la defensa judicial de entidades p\u00fablicas, tales como, adopci\u00f3n de pol\u00edticas de prevenci\u00f3n del da\u00f1o antijur\u00eddico, construcci\u00f3n de directrices de conciliaci\u00f3n, gesti\u00f3n de comit\u00e9s de conciliaci\u00f3n, gesti\u00f3n de informaci\u00f3n para reporte y atenci\u00f3n a \u00f3rganos de control e implementaci\u00f3n del Modelo Est\u00e1ndar de Control Interno, entre otras materias especializadas.<\/p><p>Amigable componedora inscrita de la Sociedad Colombiana de Ingenieros.<\/p>\t\t\t\t\t\t<\/div>\n\t\t\t\t<\/div>\n\t\t\t\t<\/div>\n\t\t\t\t\t<\/div>\n\t\t\t\t<\/div>\n\t\t<div class=\"elementor-element elementor-element-35c2db7 e-flex e-con-boxed e-con e-parent\" data-id=\"35c2db7\" data-element_type=\"container\">\n\t\t\t\t\t<div class=\"e-con-inner\">\n\t\t\t\t<div class=\"elementor-element elementor-element-05e0bc8 elementor-widget elementor-widget-text-editor\" data-id=\"05e0bc8\" data-element_type=\"widget\" data-widget_type=\"text-editor.default\">\n\t\t\t\t<div class=\"elementor-widget-container\">\n\t\t\t\t\t\t\t<p>\u00a0<\/p><p style=\"text-align: center;\"><strong>Nuestro equipo de trabajo<\/strong> se encuentra integrado por profesionales con amplia experiencia en diferentes \u00e1reas del derecho, con un alto nivel de compromiso en procura de prestar el mejor servicio a nuestros clientes.<\/p><p>\u00a0<\/p>\t\t\t\t\t\t<\/div>\n\t\t\t\t<\/div>\n\t\t\t\t\t<\/div>\n\t\t\t\t<\/div>\n\t\t\t\t<\/div>\n\t\t","protected":false},"excerpt":{"rendered":"<p>Equipo Jimmy Alexander Garc\u00eda Urdaneta Abogado especialista en Derecho Administrativo, con \u00e9nfasis en contrataci\u00f3n estatal. Trabaj\u00f3 en la Procuradur\u00eda General de la Naci\u00f3n como profesional de la Secretar\u00eda General y [&hellip;]<\/p>\n","protected":false},"author":1,"featured_media":0,"parent":0,"menu_order":0,"comment_status":"closed","ping_status":"closed","template":"elementor_header_footer","meta":{"footnotes":""},"class_list":["post-119","page","type-page","status-publish","hentry","rishi-post","no-post-thumbnail"],"rishi__cb_customizer_meta":"","_links":{"self":[{"href":"https:\/\/cgpabogados.co\/index.php\/wp-json\/wp\/v2\/pages\/119","targetHints":{"allow":["GET"]}}],"collection":[{"href":"https:\/\/cgpabogados.co\/index.php\/wp-json\/wp\/v2\/pages"}],"about":[{"href":"https:\/\/cgpabogados.co\/index.php\/wp-json\/wp\/v2\/types\/page"}],"author":[{"embeddable":true,"href":"https:\/\/cgpabogados.co\/index.php\/wp-json\/wp\/v2\/users\/1"}],"replies":[{"embeddable":true,"href":"https:\/\/cgpabogados.co\/index.php\/wp-json\/wp\/v2\/comments?post=119"}],"version-history":[{"count":36,"href":"https:\/\/cgpabogados.co\/index.php\/wp-json\/wp\/v2\/pages\/119\/revisions"}],"predecessor-version":[{"id":1368,"href":"https:\/\/cgpabogados.co\/index.php\/wp-json\/wp\/v2\/pages\/119\/revisions\/1368"}],"wp:attachment":[{"href":"https:\/\/cgpabogados.co\/index.php\/wp-json\/wp\/v2\/media?parent=119"}],"curies":[{"name":"wp","href":"https:\/\/api.w.org\/{rel}","templated":true}]}}